{"id":945,"date":"2012-04-23T00:10:02","date_gmt":"2012-04-23T03:10:02","guid":{"rendered":"http:\/\/www.sinepe-pi.org.br\/?page_id=945"},"modified":"2025-01-27T10:37:33","modified_gmt":"2025-01-27T13:37:33","slug":"filie-se-ao-sinepe-pi","status":"publish","type":"page","link":"https:\/\/www.sinepe-pi.org.br\/site\/filie-se-ao-sinepe-pi\/","title":{"rendered":"Filie-se ao SINEPE-PI"},"content":{"rendered":"\t\t<div data-elementor-type=\"wp-page\" data-elementor-id=\"945\" class=\"elementor elementor-945\" data-elementor-post-type=\"page\">\n\t\t\t\t\t\t<section class=\"elementor-section elementor-top-section elementor-element elementor-element-20b4474 elementor-section-full_width elementor-section-height-default elementor-section-height-default\" data-id=\"20b4474\" data-element_type=\"section\" data-e-type=\"section\">\n\t\t\t\t\t\t<div class=\"elementor-container elementor-column-gap-no\">\n\t\t\t\t\t<div class=\"elementor-column elementor-col-100 elementor-top-column elementor-element elementor-element-f8a5607\" data-id=\"f8a5607\" data-element_type=\"column\" data-e-type=\"column\">\n\t\t\t<div class=\"elementor-widget-wrap elementor-element-populated\">\n\t\t\t\t\t\t<div class=\"elementor-element elementor-element-3d63e5c elementor--h-position-left elementor--v-position-middle elementor-arrows-position-inside elementor-pagination-position-inside elementor-widget elementor-widget-slides\" data-id=\"3d63e5c\" data-element_type=\"widget\" data-e-type=\"widget\" data-settings=\"{&quot;transition&quot;:&quot;fade&quot;,&quot;navigation&quot;:&quot;both&quot;,&quot;autoplay&quot;:&quot;yes&quot;,&quot;pause_on_hover&quot;:&quot;yes&quot;,&quot;pause_on_interaction&quot;:&quot;yes&quot;,&quot;autoplay_speed&quot;:5000,&quot;infinite&quot;:&quot;yes&quot;,&quot;transition_speed&quot;:500}\" data-widget_type=\"slides.default\">\n\t\t\t\t<div class=\"elementor-widget-container\">\n\t\t\t\t\t\t\t\t\t<div class=\"elementor-swiper\">\r\n\t\t\t\t\t<div class=\"elementor-slides-wrapper elementor-main-swiper swiper\" role=\"region\" aria-roledescription=\"carousel\" aria-label=\"Slides\" dir=\"ltr\" data-animation=\"fadeInUp\">\r\n\t\t\t\t<div class=\"swiper-wrapper elementor-slides\">\r\n\t\t\t\t\t\t\t\t\t\t<div class=\"elementor-repeater-item-1cc947e swiper-slide\" role=\"group\" aria-roledescription=\"slide\"><div class=\"swiper-slide-bg\" role=\"img\" aria-label=\"banner-2\"><\/div><div class=\"swiper-slide-inner\" ><div class=\"swiper-slide-contents\"><div class=\"elementor-slide-description\">CONHE\u00c7A O<BR>TRABALHO<BR> DO SINEPE<\/div><a href=\"https:\/\/www.sinepe-pi.org.br\/site\/filie-se-ao-sinepe-pi\/\" class=\"elementor-button elementor-slide-button elementor-size-sm\">CLIQUE AQUI<\/a><\/div><\/div><\/div><div class=\"elementor-repeater-item-c172ceb swiper-slide\" role=\"group\" aria-roledescription=\"slide\"><div class=\"swiper-slide-bg\" role=\"img\" aria-label=\"banner_sinepe2\"><\/div><div class=\"swiper-slide-inner\" ><div class=\"swiper-slide-contents\"><div class=\"elementor-slide-description\">CONHE\u00c7A O<BR>TRABALHO<BR> DO SINEPE<\/div><a href=\"https:\/\/www.sinepe-pi.org.br\/site\/filie-se-ao-sinepe-pi\/\" class=\"elementor-button elementor-slide-button elementor-size-sm\">CLIQUE AQUI<\/a><\/div><\/div><\/div><div class=\"elementor-repeater-item-4acf97b swiper-slide\" role=\"group\" aria-roledescription=\"slide\"><div class=\"swiper-slide-bg\" role=\"img\" aria-label=\"banner-2\"><\/div><div class=\"swiper-slide-inner\" ><div class=\"swiper-slide-contents\"><div class=\"elementor-slide-description\">SEJA<BR>NOSSO<BR>ASSOCIADO<\/div><a href=\"https:\/\/www.sinepe-pi.org.br\/site\/filie-se-ao-sinepe-pi\/\" class=\"elementor-button elementor-slide-button elementor-size-sm\">FILIE-SE<\/a><\/div><\/div><\/div>\t\t\t\t<\/div>\r\n\t\t\t\t\t\t\t\t\t\t\t\t\t\t\t<div class=\"elementor-swiper-button elementor-swiper-button-prev\" role=\"button\" tabindex=\"0\" aria-label=\"Previous slide\">\r\n\t\t\t\t\t\t\t<svg aria-hidden=\"true\" class=\"e-font-icon-svg e-eicon-chevron-left\" viewBox=\"0 0 1000 1000\" xmlns=\"http:\/\/www.w3.org\/2000\/svg\"><path d=\"M646 125C629 125 613 133 604 142L308 442C296 454 292 471 292 487 292 504 296 521 308 533L604 854C617 867 629 875 646 875 663 875 679 871 692 858 704 846 713 829 713 812 713 796 708 779 692 767L438 487 692 225C700 217 708 204 708 187 708 171 704 154 692 142 675 129 663 125 646 125Z\"><\/path><\/svg>\t\t\t\t\t\t<\/div>\r\n\t\t\t\t\t\t<div class=\"elementor-swiper-button elementor-swiper-button-next\" role=\"button\" tabindex=\"0\" aria-label=\"Next slide\">\r\n\t\t\t\t\t\t\t<svg aria-hidden=\"true\" class=\"e-font-icon-svg e-eicon-chevron-right\" viewBox=\"0 0 1000 1000\" xmlns=\"http:\/\/www.w3.org\/2000\/svg\"><path d=\"M696 533C708 521 713 504 713 487 713 471 708 454 696 446L400 146C388 133 375 125 354 125 338 125 325 129 313 142 300 154 292 171 292 187 292 204 296 221 308 233L563 492 304 771C292 783 288 800 288 817 288 833 296 850 308 863 321 871 338 875 354 875 371 875 388 867 400 854L696 533Z\"><\/path><\/svg>\t\t\t\t\t\t<\/div>\r\n\t\t\t\t\t\t\t\t\t\t\t\t\t\t\t\t<div class=\"swiper-pagination\"><\/div>\r\n\t\t\t\t\t\t\t\t\t\t\t\t<\/div>\r\n\t\t\t\t<\/div>\r\n\t\t\t\t\t\t\t\t<\/div>\n\t\t\t\t<\/div>\n\t\t\t\t\t<\/div>\n\t\t<\/div>\n\t\t\t\t\t<\/div>\n\t\t<\/section>\n\t\t\t\t<section class=\"elementor-section elementor-top-section elementor-element elementor-element-3757ca67 elementor-section-boxed elementor-section-height-default elementor-section-height-default\" data-id=\"3757ca67\" data-element_type=\"section\" data-e-type=\"section\">\n\t\t\t\t\t\t<div class=\"elementor-container elementor-column-gap-default\">\n\t\t\t\t\t<div class=\"elementor-column elementor-col-100 elementor-top-column elementor-element elementor-element-28c4aebf\" data-id=\"28c4aebf\" data-element_type=\"column\" data-e-type=\"column\">\n\t\t\t<div class=\"elementor-widget-wrap elementor-element-populated\">\n\t\t\t\t\t\t<div class=\"elementor-element elementor-element-76693d42 elementor-widget elementor-widget-text-editor\" data-id=\"76693d42\" data-element_type=\"widget\" data-e-type=\"widget\" data-widget_type=\"text-editor.default\">\n\t\t\t\t<div class=\"elementor-widget-container\">\n\t\t\t\t\t\t\t\t\t<h2 style=\"text-align: center;\">SER FILIADO AO SINEPE\/PI FAZ TODA A DIFEREN\u00c7A<\/h2><p>Com a convic\u00e7\u00e3o de que o trabalho que o <strong>SINEPE\/PI<\/strong> vem realizando em prol da categoria \u00e9 de qualidade, vimos convid\u00e1-lo, caro diretor \/ propriet\u00e1rio de institui\u00e7\u00e3o de ensino particular, a se juntar a n\u00f3s filiando-se ao nosso Sindicato, pois quanto mais dif\u00edcil \u00e9 a situa\u00e7\u00e3o, mais unidos deveremos estar, para juntos encontrarmos as sa\u00eddas.<br \/>Mesmo com dificuldades, enfrentando a crise que se exacerba a cada dia, estamos mantendo os servi\u00e7os essenciais de atendimento aos associados, sem desprezo da qualidade.<\/p><h2 style=\"text-align: center;\"><strong>OS\u00a0 SERVI\u00c7OS<\/strong><\/h2><p>A Assessoria Jur\u00eddica do <strong>SINEPE\/PI<\/strong>, sob a responsabilidade do <strong>Dr. Jos\u00e9 do Egito Ferreira de Oliveira<\/strong> tem tido participa\u00e7\u00e3o impec\u00e1vel em todas a\u00e7\u00f5es, com atendimento aos filiados sem parcim\u00f4nia e com compet\u00eancia alcan\u00e7ando resultados louv\u00e1veis na solu\u00e7\u00e3o de seus problemas.<br \/>Num trabalho paralelo, a Assessoria Econ\u00f4mica coordenada pelo <strong>Dr. S\u00e9rgio Carlos Rio Lima<\/strong>, presta assessoramento ao Sindicato durante as negocia\u00e7\u00f5es das Conven\u00e7\u00f5es Coletivas de Trabalho e orienta aos filiados no que diz respeito \u00e0 elabora\u00e7\u00e3o do or\u00e7amento dos custos das institui\u00e7\u00f5es de ensino e procedimentos a serem adotados nessa \u00e1rea.<br \/>Na Assessoria de Rela\u00e7\u00f5es Institucionais contamos com o <strong>Professor Thiago Parente Rodrigues<\/strong>, que desenvolve estrat\u00e9gias para o fortalecimento do Sindicato, interagindo com as institui\u00e7\u00f5es de ensino filiadas e n\u00e3o filiadas; mantendo contatos com empresas p\u00fablicas e privadas, com o objetivo de estabelecer parcerias que favore\u00e7am aos filiados do SINEPE\/PI.<br \/>Na Assessoria Pedag\u00f3gica contamos com a orienta\u00e7\u00e3o da <strong>Professora Iveline de Melo Prado<\/strong> que vem contribuindo com toda sua experi\u00eancia na \u00e1rea, estudando, discutindo e analisando com diretores e coordenadores das escolas sindicalizadas o desenvolver da a\u00e7\u00e3o pedag\u00f3gica e coordenando os Semin\u00e1rios e Cursos oferecidos. Na parte administrativa do <strong>SINEPE\/PI<\/strong> contamos com <strong>Elisangela Costa<\/strong> que oferece o melhor tratamento aos nossos associados.<br \/>Al\u00e9m disso, o SINEPE\/PI tem procurado uma integra\u00e7\u00e3o maior entre seus associados realizando \u201cAs Olimp\u00edadas do SINEPE\/PI\u201d, com disputas saud\u00e1veis do alunado e com outros eventos dessa natureza.<br \/>Por outro lado, \u00e9 preciso ressaltar o nosso trabalho pol\u00edtico. Temos nossa representa\u00e7\u00e3o no Conselho Estadual de Educa\u00e7\u00e3o e no Conselho Municipal de Educa\u00e7\u00e3o, temos ainda a participa\u00e7\u00e3o efetiva de nossa categoria junto \u00e0 Confedera\u00e7\u00e3o Nacional dos Estabelecimentos de Ensino \u2013 CONFENEN, atrav\u00e9s do Presidente <strong>Professor Leonardo Airton Pessoa Soares<\/strong> e do <strong>Professor Marcelo Rodrigues de Siqueira<\/strong>, Vice-Presidente do SINEPE\/PI e Diretor-Adjunto da CONFENEN. No desenvolvimento de suas a\u00e7\u00f5es sindicais, o contato com \u00f3rg\u00e3os federais, estaduais e municipais da \u00e1rea educacional, e com os demais Sindicatos da Federa\u00e7\u00e3o constitui-se em a\u00e7\u00e3o permanente da Diretoria do <strong>SINEPE\/PI<\/strong>. Somando-se a isso temos parcerias com diversas institui\u00e7\u00f5es, com produtos e servi\u00e7os, concedidos, favorecendo nossos filiados com atendimentos e subs\u00eddios especiais. <br \/>Portanto, caro Diretor, \u00e9 por isso que o convidamos a ingressar no nosso Sindicato fazendo a sua filia\u00e7\u00e3o, para que possamos ampliar nosso raio de a\u00e7\u00e3o, oferecendo cada vez mais melhores servi\u00e7os, al\u00e9m do fortalecimento pol\u00edtico \u00e0 entidade, a \u00fanica que pode garantir a voz e a vez das institui\u00e7\u00f5es de ensino privado. <br \/>\u00c9 muito simples se filiar ao <strong>SINEPE\/PI<\/strong>. Todas as institui\u00e7\u00f5es educacionais podem participar, independentemente do patamar de ensino que oferece: Educa\u00e7\u00e3o B\u00e1sica e suas modalidades ou Educa\u00e7\u00e3o Superior, bem como os cursos livres e T\u00e9cnicos. A contribui\u00e7\u00e3o financeira \u00e9 estabelecida com crit\u00e9rios claros e negociadas para qualquer tipo de institui\u00e7\u00e3o de ensino, garantindo-se a igualdade de participa\u00e7\u00e3o e voto, pois para n\u00f3s \u00e9 importante a representatividade sindical pela uni\u00e3o de seus associados, essencial para o alcance dos objetivos a que nos propomos atingir.<\/p><p><strong>Documenta\u00e7\u00e3o necess\u00e1ria<\/strong><\/p><p><a href=\"https:\/\/www.sinepe-pi.org.br\/site\/wp-content\/uploads\/2022\/03\/RELACAO-DE-DOCUMENTOS-PARA-FILIACAO-ENSINO-REGULAR-2021.pdf\" target=\"_blank\" rel=\"noopener\"><strong>ESCOLA DE ENSINO REGULAR<\/strong><\/a><\/p><p><strong><a href=\"https:\/\/www.sinepe-pi.org.br\/site\/wp-content\/uploads\/2022\/03\/RELACAO-DE-DOCUMENTOS-PARA-FILIACAO-CURSOS-LIVRES-2021.pdf\" target=\"_blank\" rel=\"noopener\">CURSOS LIVRES<\/a><\/strong><\/p><p><strong><a href=\"https:\/\/www.sinepe-pi.org.br\/site\/wp-content\/uploads\/2022\/03\/Documentos-Filiacao-Ensino-Superior.pdf\" target=\"_blank\" rel=\"noopener\">ENSINO SUPERIOR<\/a><\/strong><\/p><h3 style=\"text-align: justify;\">F I L I E \u2013 S E!<\/h3>\t\t\t\t\t\t\t\t<\/div>\n\t\t\t\t<\/div>\n\t\t\t\t\t<\/div>\n\t\t<\/div>\n\t\t\t\t\t<\/div>\n\t\t<\/section>\n\t\t\t\t<\/div>\n\t\t","protected":false},"excerpt":{"rendered":"<p>CONHE\u00c7A OTRABALHO DO SINEPECLIQUE AQUICONHE\u00c7A OTRABALHO DO SINEPECLIQUE AQUISEJANOSSOASSOCIADOFILIE-SE Previous Next SER FILIADO AO SINEPE\/PI FAZ TODA A DIFEREN\u00c7A Com a convic\u00e7\u00e3o de que o trabalho que o SINEPE\/PI vem realizando em prol da categoria \u00e9 de qualidade, vimos convid\u00e1-lo, caro diretor \/ propriet\u00e1rio de institui\u00e7\u00e3o de ensino particular, a se juntar a n\u00f3s filiando-se [&hellip;]<\/p>\n","protected":false},"author":1,"featured_media":0,"parent":0,"menu_order":0,"comment_status":"closed","ping_status":"closed","template":"","meta":{"_acf_changed":false,"footnotes":""},"class_list":["post-945","page","type-page","status-publish","hentry"],"acf":[],"yoast_head":"<!-- This site is optimized with the Yoast SEO plugin v27.5 - https:\/\/yoast.com\/product\/yoast-seo-wordpress\/ -->\n<title>Filie-se ao SINEPE-PI - SINEPE-PI - Sindicato dos Estabelecimentos de Ensino do Piau\u00ed<\/title>\n<meta name=\"robots\" content=\"index, follow, max-snippet:-1, max-image-preview:large, max-video-preview:-1\" \/>\n<link rel=\"canonical\" href=\"https:\/\/www.sinepe-pi.org.br\/site\/filie-se-ao-sinepe-pi\/\" \/>\n<meta property=\"og:locale\" content=\"pt_BR\" \/>\n<meta property=\"og:type\" content=\"article\" \/>\n<meta property=\"og:title\" content=\"Filie-se ao SINEPE-PI - SINEPE-PI - Sindicato dos Estabelecimentos de Ensino do Piau\u00ed\" \/>\n<meta property=\"og:description\" content=\"CONHE\u00c7A OTRABALHO DO SINEPECLIQUE AQUICONHE\u00c7A OTRABALHO DO SINEPECLIQUE AQUISEJANOSSOASSOCIADOFILIE-SE Previous Next SER FILIADO AO SINEPE\/PI FAZ TODA A DIFEREN\u00c7A Com a convic\u00e7\u00e3o de que o trabalho que o SINEPE\/PI vem realizando em prol da categoria \u00e9 de qualidade, vimos convid\u00e1-lo, caro diretor \/ propriet\u00e1rio de institui\u00e7\u00e3o de ensino particular, a se juntar a n\u00f3s filiando-se [&hellip;]\" \/>\n<meta property=\"og:url\" content=\"https:\/\/www.sinepe-pi.org.br\/site\/filie-se-ao-sinepe-pi\/\" \/>\n<meta property=\"og:site_name\" content=\"SINEPE-PI - Sindicato dos Estabelecimentos de Ensino do Piau\u00ed\" \/>\n<meta property=\"article:publisher\" content=\"https:\/\/web.facebook.com\/sinepepiaui\" \/>\n<meta property=\"article:modified_time\" content=\"2025-01-27T13:37:33+00:00\" \/>\n<meta name=\"twitter:card\" content=\"summary_large_image\" \/>\n<meta name=\"twitter:label1\" content=\"Est. tempo de leitura\" \/>\n\t<meta name=\"twitter:data1\" content=\"4 minutos\" \/>\n<script type=\"application\/ld+json\" class=\"yoast-schema-graph\">{\"@context\":\"https:\\\/\\\/schema.org\",\"@graph\":[{\"@type\":\"WebPage\",\"@id\":\"https:\\\/\\\/www.sinepe-pi.org.br\\\/site\\\/filie-se-ao-sinepe-pi\\\/\",\"url\":\"https:\\\/\\\/www.sinepe-pi.org.br\\\/site\\\/filie-se-ao-sinepe-pi\\\/\",\"name\":\"Filie-se ao SINEPE-PI - SINEPE-PI - Sindicato dos Estabelecimentos de Ensino do Piau\u00ed\",\"isPartOf\":{\"@id\":\"https:\\\/\\\/www.sinepe-pi.org.br\\\/site\\\/#website\"},\"datePublished\":\"2012-04-23T03:10:02+00:00\",\"dateModified\":\"2025-01-27T13:37:33+00:00\",\"breadcrumb\":{\"@id\":\"https:\\\/\\\/www.sinepe-pi.org.br\\\/site\\\/filie-se-ao-sinepe-pi\\\/#breadcrumb\"},\"inLanguage\":\"pt-BR\",\"potentialAction\":[{\"@type\":\"ReadAction\",\"target\":[\"https:\\\/\\\/www.sinepe-pi.org.br\\\/site\\\/filie-se-ao-sinepe-pi\\\/\"]}]},{\"@type\":\"BreadcrumbList\",\"@id\":\"https:\\\/\\\/www.sinepe-pi.org.br\\\/site\\\/filie-se-ao-sinepe-pi\\\/#breadcrumb\",\"itemListElement\":[{\"@type\":\"ListItem\",\"position\":1,\"name\":\"P\u00e1gina Inicial\",\"item\":\"https:\\\/\\\/www.sinepe-pi.org.br\\\/site\\\/\"},{\"@type\":\"ListItem\",\"position\":2,\"name\":\"Filie-se ao SINEPE-PI\"}]},{\"@type\":\"WebSite\",\"@id\":\"https:\\\/\\\/www.sinepe-pi.org.br\\\/site\\\/#website\",\"url\":\"https:\\\/\\\/www.sinepe-pi.org.br\\\/site\\\/\",\"name\":\"SINEPE-PI - Sindicato dos Estabelecimentos de Ensino do Piau\u00ed\",\"description\":\"Constitu\u00eddo como entidade sindical em 1985, o Sindicato dos Estabelecimentos de Ensino do Estado do Piau\u00ed \u2013 SINEPE\\\/PI, tem sua sede e foro na cidade de Teresina e base territorial no Estado do Piau\u00ed, com o objetivo de organizar, representar e fortalecer as escolas e faculdades particulares do Piau\u00ed. H\u00e1 31 anos, o Sindicato \u00e9 portanto, leg\u00edtimo representante das institui\u00e7\u00f5es de ensino da rede privada nesta unidade federada.\",\"publisher\":{\"@id\":\"https:\\\/\\\/www.sinepe-pi.org.br\\\/site\\\/#organization\"},\"potentialAction\":[{\"@type\":\"SearchAction\",\"target\":{\"@type\":\"EntryPoint\",\"urlTemplate\":\"https:\\\/\\\/www.sinepe-pi.org.br\\\/site\\\/?s={search_term_string}\"},\"query-input\":{\"@type\":\"PropertyValueSpecification\",\"valueRequired\":true,\"valueName\":\"search_term_string\"}}],\"inLanguage\":\"pt-BR\"},{\"@type\":\"Organization\",\"@id\":\"https:\\\/\\\/www.sinepe-pi.org.br\\\/site\\\/#organization\",\"name\":\"Sindicato das Institui\u00e7\u00f5es de Ensino do Estado do Piau\u00ed\",\"url\":\"https:\\\/\\\/www.sinepe-pi.org.br\\\/site\\\/\",\"logo\":{\"@type\":\"ImageObject\",\"inLanguage\":\"pt-BR\",\"@id\":\"https:\\\/\\\/www.sinepe-pi.org.br\\\/site\\\/#\\\/schema\\\/logo\\\/image\\\/\",\"url\":\"https:\\\/\\\/www.sinepe-pi.org.br\\\/site\\\/wp-content\\\/uploads\\\/2022\\\/03\\\/cropped-sinepe-frente.fw_-1-1.png\",\"contentUrl\":\"https:\\\/\\\/www.sinepe-pi.org.br\\\/site\\\/wp-content\\\/uploads\\\/2022\\\/03\\\/cropped-sinepe-frente.fw_-1-1.png\",\"width\":512,\"height\":512,\"caption\":\"Sindicato das Institui\u00e7\u00f5es de Ensino do Estado do Piau\u00ed\"},\"image\":{\"@id\":\"https:\\\/\\\/www.sinepe-pi.org.br\\\/site\\\/#\\\/schema\\\/logo\\\/image\\\/\"},\"sameAs\":[\"https:\\\/\\\/web.facebook.com\\\/sinepepiaui\",\"https:\\\/\\\/www.instagram.com\\\/sinepepiaui\\\/\"]}]}<\/script>\n<!-- \/ Yoast SEO plugin. -->","yoast_head_json":{"title":"Filie-se ao SINEPE-PI - SINEPE-PI - Sindicato dos Estabelecimentos de Ensino do Piau\u00ed","robots":{"index":"index","follow":"follow","max-snippet":"max-snippet:-1","max-image-preview":"max-image-preview:large","max-video-preview":"max-video-preview:-1"},"canonical":"https:\/\/www.sinepe-pi.org.br\/site\/filie-se-ao-sinepe-pi\/","og_locale":"pt_BR","og_type":"article","og_title":"Filie-se ao SINEPE-PI - SINEPE-PI - Sindicato dos Estabelecimentos de Ensino do Piau\u00ed","og_description":"CONHE\u00c7A OTRABALHO DO SINEPECLIQUE AQUICONHE\u00c7A OTRABALHO DO SINEPECLIQUE AQUISEJANOSSOASSOCIADOFILIE-SE Previous Next SER FILIADO AO SINEPE\/PI FAZ TODA A DIFEREN\u00c7A Com a convic\u00e7\u00e3o de que o trabalho que o SINEPE\/PI vem realizando em prol da categoria \u00e9 de qualidade, vimos convid\u00e1-lo, caro diretor \/ propriet\u00e1rio de institui\u00e7\u00e3o de ensino particular, a se juntar a n\u00f3s filiando-se [&hellip;]","og_url":"https:\/\/www.sinepe-pi.org.br\/site\/filie-se-ao-sinepe-pi\/","og_site_name":"SINEPE-PI - Sindicato dos Estabelecimentos de Ensino do Piau\u00ed","article_publisher":"https:\/\/web.facebook.com\/sinepepiaui","article_modified_time":"2025-01-27T13:37:33+00:00","twitter_card":"summary_large_image","twitter_misc":{"Est. tempo de leitura":"4 minutos"},"schema":{"@context":"https:\/\/schema.org","@graph":[{"@type":"WebPage","@id":"https:\/\/www.sinepe-pi.org.br\/site\/filie-se-ao-sinepe-pi\/","url":"https:\/\/www.sinepe-pi.org.br\/site\/filie-se-ao-sinepe-pi\/","name":"Filie-se ao SINEPE-PI - SINEPE-PI - Sindicato dos Estabelecimentos de Ensino do Piau\u00ed","isPartOf":{"@id":"https:\/\/www.sinepe-pi.org.br\/site\/#website"},"datePublished":"2012-04-23T03:10:02+00:00","dateModified":"2025-01-27T13:37:33+00:00","breadcrumb":{"@id":"https:\/\/www.sinepe-pi.org.br\/site\/filie-se-ao-sinepe-pi\/#breadcrumb"},"inLanguage":"pt-BR","potentialAction":[{"@type":"ReadAction","target":["https:\/\/www.sinepe-pi.org.br\/site\/filie-se-ao-sinepe-pi\/"]}]},{"@type":"BreadcrumbList","@id":"https:\/\/www.sinepe-pi.org.br\/site\/filie-se-ao-sinepe-pi\/#breadcrumb","itemListElement":[{"@type":"ListItem","position":1,"name":"P\u00e1gina Inicial","item":"https:\/\/www.sinepe-pi.org.br\/site\/"},{"@type":"ListItem","position":2,"name":"Filie-se ao SINEPE-PI"}]},{"@type":"WebSite","@id":"https:\/\/www.sinepe-pi.org.br\/site\/#website","url":"https:\/\/www.sinepe-pi.org.br\/site\/","name":"SINEPE-PI - Sindicato dos Estabelecimentos de Ensino do Piau\u00ed","description":"Constitu\u00eddo como entidade sindical em 1985, o Sindicato dos Estabelecimentos de Ensino do Estado do Piau\u00ed \u2013 SINEPE\/PI, tem sua sede e foro na cidade de Teresina e base territorial no Estado do Piau\u00ed, com o objetivo de organizar, representar e fortalecer as escolas e faculdades particulares do Piau\u00ed. H\u00e1 31 anos, o Sindicato \u00e9 portanto, leg\u00edtimo representante das institui\u00e7\u00f5es de ensino da rede privada nesta unidade federada.","publisher":{"@id":"https:\/\/www.sinepe-pi.org.br\/site\/#organization"},"potentialAction":[{"@type":"SearchAction","target":{"@type":"EntryPoint","urlTemplate":"https:\/\/www.sinepe-pi.org.br\/site\/?s={search_term_string}"},"query-input":{"@type":"PropertyValueSpecification","valueRequired":true,"valueName":"search_term_string"}}],"inLanguage":"pt-BR"},{"@type":"Organization","@id":"https:\/\/www.sinepe-pi.org.br\/site\/#organization","name":"Sindicato das Institui\u00e7\u00f5es de Ensino do Estado do Piau\u00ed","url":"https:\/\/www.sinepe-pi.org.br\/site\/","logo":{"@type":"ImageObject","inLanguage":"pt-BR","@id":"https:\/\/www.sinepe-pi.org.br\/site\/#\/schema\/logo\/image\/","url":"https:\/\/www.sinepe-pi.org.br\/site\/wp-content\/uploads\/2022\/03\/cropped-sinepe-frente.fw_-1-1.png","contentUrl":"https:\/\/www.sinepe-pi.org.br\/site\/wp-content\/uploads\/2022\/03\/cropped-sinepe-frente.fw_-1-1.png","width":512,"height":512,"caption":"Sindicato das Institui\u00e7\u00f5es de Ensino do Estado do Piau\u00ed"},"image":{"@id":"https:\/\/www.sinepe-pi.org.br\/site\/#\/schema\/logo\/image\/"},"sameAs":["https:\/\/web.facebook.com\/sinepepiaui","https:\/\/www.instagram.com\/sinepepiaui\/"]}]}},"_links":{"self":[{"href":"https:\/\/www.sinepe-pi.org.br\/site\/wp-json\/wp\/v2\/pages\/945","targetHints":{"allow":["GET"]}}],"collection":[{"href":"https:\/\/www.sinepe-pi.org.br\/site\/wp-json\/wp\/v2\/pages"}],"about":[{"href":"https:\/\/www.sinepe-pi.org.br\/site\/wp-json\/wp\/v2\/types\/page"}],"author":[{"embeddable":true,"href":"https:\/\/www.sinepe-pi.org.br\/site\/wp-json\/wp\/v2\/users\/1"}],"replies":[{"embeddable":true,"href":"https:\/\/www.sinepe-pi.org.br\/site\/wp-json\/wp\/v2\/comments?post=945"}],"version-history":[{"count":3,"href":"https:\/\/www.sinepe-pi.org.br\/site\/wp-json\/wp\/v2\/pages\/945\/revisions"}],"predecessor-version":[{"id":107902,"href":"https:\/\/www.sinepe-pi.org.br\/site\/wp-json\/wp\/v2\/pages\/945\/revisions\/107902"}],"wp:attachment":[{"href":"https:\/\/www.sinepe-pi.org.br\/site\/wp-json\/wp\/v2\/media?parent=945"}],"curies":[{"name":"wp","href":"https:\/\/api.w.org\/{rel}","templated":true}]}}