{"id":854,"date":"2012-01-04T09:24:20","date_gmt":"2012-01-04T12:24:20","guid":{"rendered":"http:\/\/www.sinepe-pi.org.br\/?page_id=854"},"modified":"2022-03-22T19:25:45","modified_gmt":"2022-03-22T22:25:45","slug":"estatuto","status":"publish","type":"page","link":"https:\/\/www.sinepe-pi.org.br\/site\/estatuto\/","title":{"rendered":"Estatuto SINEPE-PI"},"content":{"rendered":"<p style=\"text-align: center;\" align=\"center\"><strong>CAP\u00cdTULO I<\/strong><\/p>\n<p style=\"text-align: center;\" align=\"center\"><strong>Da Denomina\u00e7\u00e3o, Sede, Fins, Prerrogativas e Deveres.<\/strong><\/p>\n<p style=\"text-align: justify;\"><strong>Art. 1\u00ba<\/strong>. O <strong>SINDICATO DOS ESTABELECIMENTOS DE ENSINO DO ESTADO DO PIAU\u00cd &#8211; SINEPE-PI<\/strong> \u00e9 constitu\u00eddo como entidade sindical de 1\u00ba grau, com sede e foro na cidade de Teresina e base territorial no Estado do Piau\u00ed, para fins de estudo, defesa, coordena\u00e7\u00e3o e representa\u00e7\u00e3o das categorias econ\u00f4micas do 1\u00ba e do 2\u00ba grupo, conforme estabelece a legisla\u00e7\u00e3o vigente sobre a mat\u00e9ria, e com o intuito de colaborar com os poderes p\u00fablicos e as demais associa\u00e7\u00f5es, no sentido de alcan\u00e7ar a solidariedade social e de sua subordina\u00e7\u00e3o aos peregrinos interesses nacionais.<\/p>\n<h3 style=\"text-align: justify;\"><a href=\"https:\/\/www.sinepe-pi.org.br\/site\/wp-content\/uploads\/2022\/03\/Estatuto-Reformado-09.08.2017.pdf\" target=\"_blank\" rel=\"noopener\">CLIQUE AQUI E VEJA O ESTATUTO NA \u00cdNTEGRA<\/a><\/h3>\n\n\n<p><\/p>\n","protected":false},"excerpt":{"rendered":"<p>CAP\u00cdTULO I Da Denomina\u00e7\u00e3o, Sede, Fins, Prerrogativas e Deveres. Art. 1\u00ba. O SINDICATO DOS ESTABELECIMENTOS DE ENSINO DO ESTADO DO PIAU\u00cd &#8211; SINEPE-PI \u00e9 constitu\u00eddo como entidade sindical de 1\u00ba grau, com sede e foro na cidade de Teresina e base territorial no Estado do Piau\u00ed, para fins de estudo, defesa, coordena\u00e7\u00e3o e representa\u00e7\u00e3o das [&hellip;]<\/p>\n","protected":false},"author":1,"featured_media":0,"parent":0,"menu_order":0,"comment_status":"closed","ping_status":"closed","template":"","meta":{"_acf_changed":false,"footnotes":""},"class_list":["post-854","page","type-page","status-publish","hentry"],"acf":[],"yoast_head":"<!-- This site is optimized with the Yoast SEO plugin v26.6 - https:\/\/yoast.com\/wordpress\/plugins\/seo\/ -->\n<title>Estatuto SINEPE-PI - SINEPE-PI - Sindicato dos Estabelecimentos de Ensino do Piau\u00ed<\/title>\n<meta name=\"robots\" content=\"index, follow, max-snippet:-1, max-image-preview:large, max-video-preview:-1\" \/>\n<link rel=\"canonical\" href=\"https:\/\/www.sinepe-pi.org.br\/site\/estatuto\/\" \/>\n<meta property=\"og:locale\" content=\"pt_BR\" \/>\n<meta property=\"og:type\" content=\"article\" \/>\n<meta property=\"og:title\" content=\"Estatuto SINEPE-PI - SINEPE-PI - Sindicato dos Estabelecimentos de Ensino do Piau\u00ed\" \/>\n<meta property=\"og:description\" content=\"CAP\u00cdTULO I Da Denomina\u00e7\u00e3o, Sede, Fins, Prerrogativas e Deveres. Art. 1\u00ba. O SINDICATO DOS ESTABELECIMENTOS DE ENSINO DO ESTADO DO PIAU\u00cd &#8211; SINEPE-PI \u00e9 constitu\u00eddo como entidade sindical de 1\u00ba grau, com sede e foro na cidade de Teresina e base territorial no Estado do Piau\u00ed, para fins de estudo, defesa, coordena\u00e7\u00e3o e representa\u00e7\u00e3o das [&hellip;]\" \/>\n<meta property=\"og:url\" content=\"https:\/\/www.sinepe-pi.org.br\/site\/estatuto\/\" \/>\n<meta property=\"og:site_name\" content=\"SINEPE-PI - Sindicato dos Estabelecimentos de Ensino do Piau\u00ed\" \/>\n<meta property=\"article:publisher\" content=\"https:\/\/web.facebook.com\/sinepepiaui\" \/>\n<meta property=\"article:modified_time\" content=\"2022-03-22T22:25:45+00:00\" \/>\n<meta name=\"twitter:card\" content=\"summary_large_image\" \/>\n<meta name=\"twitter:label1\" content=\"Est. tempo de leitura\" \/>\n\t<meta name=\"twitter:data1\" content=\"1 minuto\" \/>\n<script type=\"application\/ld+json\" class=\"yoast-schema-graph\">{\"@context\":\"https:\/\/schema.org\",\"@graph\":[{\"@type\":\"WebPage\",\"@id\":\"https:\/\/www.sinepe-pi.org.br\/site\/estatuto\/\",\"url\":\"https:\/\/www.sinepe-pi.org.br\/site\/estatuto\/\",\"name\":\"Estatuto SINEPE-PI - SINEPE-PI - Sindicato dos Estabelecimentos de Ensino do Piau\u00ed\",\"isPartOf\":{\"@id\":\"https:\/\/www.sinepe-pi.org.br\/site\/#website\"},\"datePublished\":\"2012-01-04T12:24:20+00:00\",\"dateModified\":\"2022-03-22T22:25:45+00:00\",\"breadcrumb\":{\"@id\":\"https:\/\/www.sinepe-pi.org.br\/site\/estatuto\/#breadcrumb\"},\"inLanguage\":\"pt-BR\",\"potentialAction\":[{\"@type\":\"ReadAction\",\"target\":[\"https:\/\/www.sinepe-pi.org.br\/site\/estatuto\/\"]}]},{\"@type\":\"BreadcrumbList\",\"@id\":\"https:\/\/www.sinepe-pi.org.br\/site\/estatuto\/#breadcrumb\",\"itemListElement\":[{\"@type\":\"ListItem\",\"position\":1,\"name\":\"P\u00e1gina Inicial\",\"item\":\"https:\/\/www.sinepe-pi.org.br\/site\/\"},{\"@type\":\"ListItem\",\"position\":2,\"name\":\"Estatuto SINEPE-PI\"}]},{\"@type\":\"WebSite\",\"@id\":\"https:\/\/www.sinepe-pi.org.br\/site\/#website\",\"url\":\"https:\/\/www.sinepe-pi.org.br\/site\/\",\"name\":\"SINEPE-PI - Sindicato dos Estabelecimentos de Ensino do Piau\u00ed\",\"description\":\"Constitu\u00eddo como entidade sindical em 1985, o Sindicato dos Estabelecimentos de Ensino do Estado do Piau\u00ed \u2013 SINEPE\/PI, tem sua sede e foro na cidade de Teresina e base territorial no Estado do Piau\u00ed, com o objetivo de organizar, representar e fortalecer as escolas e faculdades particulares do Piau\u00ed. H\u00e1 31 anos, o Sindicato \u00e9 portanto, leg\u00edtimo representante das institui\u00e7\u00f5es de ensino da rede privada nesta unidade federada.\",\"publisher\":{\"@id\":\"https:\/\/www.sinepe-pi.org.br\/site\/#organization\"},\"potentialAction\":[{\"@type\":\"SearchAction\",\"target\":{\"@type\":\"EntryPoint\",\"urlTemplate\":\"https:\/\/www.sinepe-pi.org.br\/site\/?s={search_term_string}\"},\"query-input\":{\"@type\":\"PropertyValueSpecification\",\"valueRequired\":true,\"valueName\":\"search_term_string\"}}],\"inLanguage\":\"pt-BR\"},{\"@type\":\"Organization\",\"@id\":\"https:\/\/www.sinepe-pi.org.br\/site\/#organization\",\"name\":\"Sindicato das Institui\u00e7\u00f5es de Ensino do Estado do Piau\u00ed\",\"url\":\"https:\/\/www.sinepe-pi.org.br\/site\/\",\"logo\":{\"@type\":\"ImageObject\",\"inLanguage\":\"pt-BR\",\"@id\":\"https:\/\/www.sinepe-pi.org.br\/site\/#\/schema\/logo\/image\/\",\"url\":\"https:\/\/www.sinepe-pi.org.br\/site\/wp-content\/uploads\/2022\/03\/cropped-sinepe-frente.fw_-1-1.png\",\"contentUrl\":\"https:\/\/www.sinepe-pi.org.br\/site\/wp-content\/uploads\/2022\/03\/cropped-sinepe-frente.fw_-1-1.png\",\"width\":512,\"height\":512,\"caption\":\"Sindicato das Institui\u00e7\u00f5es de Ensino do Estado do Piau\u00ed\"},\"image\":{\"@id\":\"https:\/\/www.sinepe-pi.org.br\/site\/#\/schema\/logo\/image\/\"},\"sameAs\":[\"https:\/\/web.facebook.com\/sinepepiaui\",\"https:\/\/www.instagram.com\/sinepepiaui\/\"]}]}<\/script>\n<!-- \/ Yoast SEO plugin. -->","yoast_head_json":{"title":"Estatuto SINEPE-PI - SINEPE-PI - Sindicato dos Estabelecimentos de Ensino do Piau\u00ed","robots":{"index":"index","follow":"follow","max-snippet":"max-snippet:-1","max-image-preview":"max-image-preview:large","max-video-preview":"max-video-preview:-1"},"canonical":"https:\/\/www.sinepe-pi.org.br\/site\/estatuto\/","og_locale":"pt_BR","og_type":"article","og_title":"Estatuto SINEPE-PI - SINEPE-PI - Sindicato dos Estabelecimentos de Ensino do Piau\u00ed","og_description":"CAP\u00cdTULO I Da Denomina\u00e7\u00e3o, Sede, Fins, Prerrogativas e Deveres. Art. 1\u00ba. O SINDICATO DOS ESTABELECIMENTOS DE ENSINO DO ESTADO DO PIAU\u00cd &#8211; SINEPE-PI \u00e9 constitu\u00eddo como entidade sindical de 1\u00ba grau, com sede e foro na cidade de Teresina e base territorial no Estado do Piau\u00ed, para fins de estudo, defesa, coordena\u00e7\u00e3o e representa\u00e7\u00e3o das [&hellip;]","og_url":"https:\/\/www.sinepe-pi.org.br\/site\/estatuto\/","og_site_name":"SINEPE-PI - Sindicato dos Estabelecimentos de Ensino do Piau\u00ed","article_publisher":"https:\/\/web.facebook.com\/sinepepiaui","article_modified_time":"2022-03-22T22:25:45+00:00","twitter_card":"summary_large_image","twitter_misc":{"Est. tempo de leitura":"1 minuto"},"schema":{"@context":"https:\/\/schema.org","@graph":[{"@type":"WebPage","@id":"https:\/\/www.sinepe-pi.org.br\/site\/estatuto\/","url":"https:\/\/www.sinepe-pi.org.br\/site\/estatuto\/","name":"Estatuto SINEPE-PI - SINEPE-PI - Sindicato dos Estabelecimentos de Ensino do Piau\u00ed","isPartOf":{"@id":"https:\/\/www.sinepe-pi.org.br\/site\/#website"},"datePublished":"2012-01-04T12:24:20+00:00","dateModified":"2022-03-22T22:25:45+00:00","breadcrumb":{"@id":"https:\/\/www.sinepe-pi.org.br\/site\/estatuto\/#breadcrumb"},"inLanguage":"pt-BR","potentialAction":[{"@type":"ReadAction","target":["https:\/\/www.sinepe-pi.org.br\/site\/estatuto\/"]}]},{"@type":"BreadcrumbList","@id":"https:\/\/www.sinepe-pi.org.br\/site\/estatuto\/#breadcrumb","itemListElement":[{"@type":"ListItem","position":1,"name":"P\u00e1gina Inicial","item":"https:\/\/www.sinepe-pi.org.br\/site\/"},{"@type":"ListItem","position":2,"name":"Estatuto SINEPE-PI"}]},{"@type":"WebSite","@id":"https:\/\/www.sinepe-pi.org.br\/site\/#website","url":"https:\/\/www.sinepe-pi.org.br\/site\/","name":"SINEPE-PI - Sindicato dos Estabelecimentos de Ensino do Piau\u00ed","description":"Constitu\u00eddo como entidade sindical em 1985, o Sindicato dos Estabelecimentos de Ensino do Estado do Piau\u00ed \u2013 SINEPE\/PI, tem sua sede e foro na cidade de Teresina e base territorial no Estado do Piau\u00ed, com o objetivo de organizar, representar e fortalecer as escolas e faculdades particulares do Piau\u00ed. H\u00e1 31 anos, o Sindicato \u00e9 portanto, leg\u00edtimo representante das institui\u00e7\u00f5es de ensino da rede privada nesta unidade federada.","publisher":{"@id":"https:\/\/www.sinepe-pi.org.br\/site\/#organization"},"potentialAction":[{"@type":"SearchAction","target":{"@type":"EntryPoint","urlTemplate":"https:\/\/www.sinepe-pi.org.br\/site\/?s={search_term_string}"},"query-input":{"@type":"PropertyValueSpecification","valueRequired":true,"valueName":"search_term_string"}}],"inLanguage":"pt-BR"},{"@type":"Organization","@id":"https:\/\/www.sinepe-pi.org.br\/site\/#organization","name":"Sindicato das Institui\u00e7\u00f5es de Ensino do Estado do Piau\u00ed","url":"https:\/\/www.sinepe-pi.org.br\/site\/","logo":{"@type":"ImageObject","inLanguage":"pt-BR","@id":"https:\/\/www.sinepe-pi.org.br\/site\/#\/schema\/logo\/image\/","url":"https:\/\/www.sinepe-pi.org.br\/site\/wp-content\/uploads\/2022\/03\/cropped-sinepe-frente.fw_-1-1.png","contentUrl":"https:\/\/www.sinepe-pi.org.br\/site\/wp-content\/uploads\/2022\/03\/cropped-sinepe-frente.fw_-1-1.png","width":512,"height":512,"caption":"Sindicato das Institui\u00e7\u00f5es de Ensino do Estado do Piau\u00ed"},"image":{"@id":"https:\/\/www.sinepe-pi.org.br\/site\/#\/schema\/logo\/image\/"},"sameAs":["https:\/\/web.facebook.com\/sinepepiaui","https:\/\/www.instagram.com\/sinepepiaui\/"]}]}},"_links":{"self":[{"href":"https:\/\/www.sinepe-pi.org.br\/site\/wp-json\/wp\/v2\/pages\/854","targetHints":{"allow":["GET"]}}],"collection":[{"href":"https:\/\/www.sinepe-pi.org.br\/site\/wp-json\/wp\/v2\/pages"}],"about":[{"href":"https:\/\/www.sinepe-pi.org.br\/site\/wp-json\/wp\/v2\/types\/page"}],"author":[{"embeddable":true,"href":"https:\/\/www.sinepe-pi.org.br\/site\/wp-json\/wp\/v2\/users\/1"}],"replies":[{"embeddable":true,"href":"https:\/\/www.sinepe-pi.org.br\/site\/wp-json\/wp\/v2\/comments?post=854"}],"version-history":[{"count":0,"href":"https:\/\/www.sinepe-pi.org.br\/site\/wp-json\/wp\/v2\/pages\/854\/revisions"}],"wp:attachment":[{"href":"https:\/\/www.sinepe-pi.org.br\/site\/wp-json\/wp\/v2\/media?parent=854"}],"curies":[{"name":"wp","href":"https:\/\/api.w.org\/{rel}","templated":true}]}}