{"id":815,"date":"2011-12-19T08:28:53","date_gmt":"2011-12-19T11:28:53","guid":{"rendered":"http:\/\/www.sinepe-pi.org.br\/?page_id=815"},"modified":"2025-10-09T13:01:09","modified_gmt":"2025-10-09T16:01:09","slug":"convencoes-coletivas","status":"publish","type":"page","link":"https:\/\/www.sinepe-pi.org.br\/site\/convencoes-coletivas\/","title":{"rendered":"Conven\u00e7\u00f5es Coletivas"},"content":{"rendered":"\n<p><a href=\"https:\/\/www.sinepe-pi.org.br\/site\/wp-content\/uploads\/2020\/03\/CCT-2011.pdf\" target=\"_blank\" rel=\"attachment wp-att-5122 noopener noreferrer\">Conven\u00e7\u00e3o Coletiva de Trabalho &#8211; 2011<\/a><\/p>\n\n\n\n<p><a href=\"https:\/\/www.sinepe-pi.org.br\/site\/wp-content\/uploads\/2020\/03\/CCT-2012.pdf\" target=\"_blank\" rel=\"attachment wp-att-5123 noopener noreferrer\">Conven\u00e7\u00e3o Coletiva de Trabalho &#8211; 2012<\/a><\/p>\n\n\n\n<p><a href=\"https:\/\/www.sinepe-pi.org.br\/site\/wp-content\/uploads\/2020\/03\/CCT-2013.pdf\" target=\"_blank\" rel=\"attachment wp-att-5124 noopener noreferrer\">Conven\u00e7\u00e3o Coletiva de Trabalho &#8211; 2013<\/a><\/p>\n\n\n\n<p><a href=\"https:\/\/www.sinepe-pi.org.br\/site\/wp-content\/uploads\/2020\/03\/CCT-2014.pdf\" rel=\"attachment wp-att-5125\">Conven\u00e7\u00e3o Coletiva de Trabalho &#8211; 2014<\/a><\/p>\n\n\n\n<p><a href=\"https:\/\/www.sinepe-pi.org.br\/site\/wp-content\/uploads\/2020\/03\/CCT-2015.pdf\" target=\"_blank\" rel=\"attachment wp-att-5126 noopener noreferrer\">Conven\u00e7\u00e3o Coletiva de Trabalho &#8211; 2015<\/a><\/p>\n\n\n\n<p><a href=\"https:\/\/www.sinepe-pi.org.br\/site\/wp-content\/uploads\/2020\/03\/CCT-2016.pdf\" target=\"_blank\" rel=\"attachment wp-att-5127 noopener noreferrer\">Conven\u00e7\u00e3o Coletiva de Trabalho- 2016<\/a><\/p>\n\n\n\n<p><a href=\"https:\/\/www.sinepe-pi.org.br\/site\/wp-content\/uploads\/2022\/04\/CCT-2017-Acordao-Proc-DC-0080066.37.2017.5.22.0000.pdf\" target=\"_blank\" rel=\"noopener\">Conven\u00e7\u00e3o Coletiva de Trabalho- 2017<\/a><\/p>\n\n\n\n<p><a href=\"https:\/\/www.sinepe-pi.org.br\/site\/wp-content\/uploads\/2020\/03\/CCT-2018.pdf\" target=\"_blank\" rel=\"noopener noreferrer\">Conven\u00e7\u00e3o Coletiva de Trabalho 2018<\/a><\/p>\n\n\n\n<p><a href=\"https:\/\/www.sinepe-pi.org.br\/site\/wp-content\/uploads\/2020\/03\/CCT-2019.2020.pdf\" target=\"_blank\" rel=\"noopener noreferrer\">Conven\u00e7\u00e3o Coletiva de Trabalho -2019<\/a><\/p>\n\n\n\n<p><a href=\"https:\/\/www.sinepe-pi.org.br\/site\/wp-content\/uploads\/2022\/04\/CCT-2020.2021.pdf\">Conven\u00e7\u00e3o Coletiva de Trabalho 2020\/2021<\/a><\/p>\n\n\n\n<p><a href=\"https:\/\/www.sinepe-pi.org.br\/site\/wp-content\/uploads\/2022\/04\/CCT-2021.2022.pdf\" target=\"_blank\" rel=\"noopener noreferrer\">Conven\u00e7\u00e3o Coletiva de Trabalho -2021\/2022<\/a><\/p>\n\n\n\n<p><a href=\"https:\/\/www.sinepe-pi.org.br\/site\/wp-content\/uploads\/2022\/07\/CCT-2022.2023-assinada-SINEPEPI-SET-e-SINPRO.pdf\" target=\"_blank\" rel=\"noopener noreferrer\">Conven\u00e7\u00e3o Coletiva de Trabalho -2022\/2023<\/a><\/p>\n\n\n\n<p><a href=\"https:\/\/www.sinepe-pi.org.br\/site\/wp-content\/uploads\/2025\/10\/Acordao-DC-0081320-98.2024.5.22.0000-TRT22.pdf\">Conven\u00e7\u00e3o Coletiva de Trabalho- 2023\/2024 &#8211; Senten\u00e7a Normativa<\/a><\/p>\n\n\n\n<p><a href=\"https:\/\/www.sinepe-pi.org.br\/site\/wp-content\/uploads\/2025\/10\/Acordao-TRT-22-PROCESSO_-0080985-16.2023.5.22.0000-DISSIDIO-COLETIVO-1.pdf\">Conven\u00e7\u00e3o Coletiva de Trabalho-2024\/2025 &#8211; Senten\u00e7a Normativa<\/a><\/p>\n\n\n\n<p><a href=\"https:\/\/www.sinepe-pi.org.br\/site\/wp-content\/uploads\/2025\/10\/CONVENCAO-COLETIVA-DE-TRABALHO-2025.2026-assinada.pdf\">Conven\u00e7\u00e3o Coletivo de Trabalho-2025\/2026<\/a><\/p>\n","protected":false},"excerpt":{"rendered":"<p>Conven\u00e7\u00e3o Coletiva de Trabalho &#8211; 2011 Conven\u00e7\u00e3o Coletiva de Trabalho &#8211; 2012 Conven\u00e7\u00e3o Coletiva de Trabalho &#8211; 2013 Conven\u00e7\u00e3o Coletiva de Trabalho &#8211; 2014 Conven\u00e7\u00e3o Coletiva de Trabalho &#8211; 2015 Conven\u00e7\u00e3o Coletiva de Trabalho- 2016 Conven\u00e7\u00e3o Coletiva de Trabalho- 2017 Conven\u00e7\u00e3o Coletiva de Trabalho 2018 Conven\u00e7\u00e3o Coletiva de Trabalho -2019 Conven\u00e7\u00e3o Coletiva de Trabalho 2020\/2021 [&hellip;]<\/p>\n","protected":false},"author":1,"featured_media":0,"parent":0,"menu_order":0,"comment_status":"open","ping_status":"open","template":"","meta":{"_acf_changed":false,"footnotes":""},"class_list":["post-815","page","type-page","status-publish","hentry"],"acf":[],"yoast_head":"<!-- This site is optimized with the Yoast SEO plugin v26.6 - https:\/\/yoast.com\/wordpress\/plugins\/seo\/ -->\n<title>Conven\u00e7\u00f5es Coletivas - SINEPE-PI - Sindicato dos Estabelecimentos de Ensino do Piau\u00ed<\/title>\n<meta name=\"robots\" content=\"index, follow, max-snippet:-1, max-image-preview:large, max-video-preview:-1\" \/>\n<link rel=\"canonical\" href=\"https:\/\/www.sinepe-pi.org.br\/site\/convencoes-coletivas\/\" \/>\n<meta property=\"og:locale\" content=\"pt_BR\" \/>\n<meta property=\"og:type\" content=\"article\" \/>\n<meta property=\"og:title\" content=\"Conven\u00e7\u00f5es Coletivas - SINEPE-PI - Sindicato dos Estabelecimentos de Ensino do Piau\u00ed\" \/>\n<meta property=\"og:description\" content=\"Conven\u00e7\u00e3o Coletiva de Trabalho &#8211; 2011 Conven\u00e7\u00e3o Coletiva de Trabalho &#8211; 2012 Conven\u00e7\u00e3o Coletiva de Trabalho &#8211; 2013 Conven\u00e7\u00e3o Coletiva de Trabalho &#8211; 2014 Conven\u00e7\u00e3o Coletiva de Trabalho &#8211; 2015 Conven\u00e7\u00e3o Coletiva de Trabalho- 2016 Conven\u00e7\u00e3o Coletiva de Trabalho- 2017 Conven\u00e7\u00e3o Coletiva de Trabalho 2018 Conven\u00e7\u00e3o Coletiva de Trabalho -2019 Conven\u00e7\u00e3o Coletiva de Trabalho 2020\/2021 [&hellip;]\" \/>\n<meta property=\"og:url\" content=\"https:\/\/www.sinepe-pi.org.br\/site\/convencoes-coletivas\/\" \/>\n<meta property=\"og:site_name\" content=\"SINEPE-PI - Sindicato dos Estabelecimentos de Ensino do Piau\u00ed\" \/>\n<meta property=\"article:publisher\" content=\"https:\/\/web.facebook.com\/sinepepiaui\" \/>\n<meta property=\"article:modified_time\" content=\"2025-10-09T16:01:09+00:00\" \/>\n<meta name=\"twitter:card\" content=\"summary_large_image\" \/>\n<meta name=\"twitter:label1\" content=\"Est. tempo de leitura\" \/>\n\t<meta name=\"twitter:data1\" content=\"1 minuto\" \/>\n<script type=\"application\/ld+json\" class=\"yoast-schema-graph\">{\"@context\":\"https:\/\/schema.org\",\"@graph\":[{\"@type\":\"WebPage\",\"@id\":\"https:\/\/www.sinepe-pi.org.br\/site\/convencoes-coletivas\/\",\"url\":\"https:\/\/www.sinepe-pi.org.br\/site\/convencoes-coletivas\/\",\"name\":\"Conven\u00e7\u00f5es Coletivas - SINEPE-PI - Sindicato dos Estabelecimentos de Ensino do Piau\u00ed\",\"isPartOf\":{\"@id\":\"https:\/\/www.sinepe-pi.org.br\/site\/#website\"},\"datePublished\":\"2011-12-19T11:28:53+00:00\",\"dateModified\":\"2025-10-09T16:01:09+00:00\",\"breadcrumb\":{\"@id\":\"https:\/\/www.sinepe-pi.org.br\/site\/convencoes-coletivas\/#breadcrumb\"},\"inLanguage\":\"pt-BR\",\"potentialAction\":[{\"@type\":\"ReadAction\",\"target\":[\"https:\/\/www.sinepe-pi.org.br\/site\/convencoes-coletivas\/\"]}]},{\"@type\":\"BreadcrumbList\",\"@id\":\"https:\/\/www.sinepe-pi.org.br\/site\/convencoes-coletivas\/#breadcrumb\",\"itemListElement\":[{\"@type\":\"ListItem\",\"position\":1,\"name\":\"P\u00e1gina Inicial\",\"item\":\"https:\/\/www.sinepe-pi.org.br\/site\/\"},{\"@type\":\"ListItem\",\"position\":2,\"name\":\"Conven\u00e7\u00f5es Coletivas\"}]},{\"@type\":\"WebSite\",\"@id\":\"https:\/\/www.sinepe-pi.org.br\/site\/#website\",\"url\":\"https:\/\/www.sinepe-pi.org.br\/site\/\",\"name\":\"SINEPE-PI - Sindicato dos Estabelecimentos de Ensino do Piau\u00ed\",\"description\":\"Constitu\u00eddo como entidade sindical em 1985, o Sindicato dos Estabelecimentos de Ensino do Estado do Piau\u00ed \u2013 SINEPE\/PI, tem sua sede e foro na cidade de Teresina e base territorial no Estado do Piau\u00ed, com o objetivo de organizar, representar e fortalecer as escolas e faculdades particulares do Piau\u00ed. H\u00e1 31 anos, o Sindicato \u00e9 portanto, leg\u00edtimo representante das institui\u00e7\u00f5es de ensino da rede privada nesta unidade federada.\",\"publisher\":{\"@id\":\"https:\/\/www.sinepe-pi.org.br\/site\/#organization\"},\"potentialAction\":[{\"@type\":\"SearchAction\",\"target\":{\"@type\":\"EntryPoint\",\"urlTemplate\":\"https:\/\/www.sinepe-pi.org.br\/site\/?s={search_term_string}\"},\"query-input\":{\"@type\":\"PropertyValueSpecification\",\"valueRequired\":true,\"valueName\":\"search_term_string\"}}],\"inLanguage\":\"pt-BR\"},{\"@type\":\"Organization\",\"@id\":\"https:\/\/www.sinepe-pi.org.br\/site\/#organization\",\"name\":\"Sindicato das Institui\u00e7\u00f5es de Ensino do Estado do Piau\u00ed\",\"url\":\"https:\/\/www.sinepe-pi.org.br\/site\/\",\"logo\":{\"@type\":\"ImageObject\",\"inLanguage\":\"pt-BR\",\"@id\":\"https:\/\/www.sinepe-pi.org.br\/site\/#\/schema\/logo\/image\/\",\"url\":\"https:\/\/www.sinepe-pi.org.br\/site\/wp-content\/uploads\/2022\/03\/cropped-sinepe-frente.fw_-1-1.png\",\"contentUrl\":\"https:\/\/www.sinepe-pi.org.br\/site\/wp-content\/uploads\/2022\/03\/cropped-sinepe-frente.fw_-1-1.png\",\"width\":512,\"height\":512,\"caption\":\"Sindicato das Institui\u00e7\u00f5es de Ensino do Estado do Piau\u00ed\"},\"image\":{\"@id\":\"https:\/\/www.sinepe-pi.org.br\/site\/#\/schema\/logo\/image\/\"},\"sameAs\":[\"https:\/\/web.facebook.com\/sinepepiaui\",\"https:\/\/www.instagram.com\/sinepepiaui\/\"]}]}<\/script>\n<!-- \/ Yoast SEO plugin. -->","yoast_head_json":{"title":"Conven\u00e7\u00f5es Coletivas - SINEPE-PI - Sindicato dos Estabelecimentos de Ensino do Piau\u00ed","robots":{"index":"index","follow":"follow","max-snippet":"max-snippet:-1","max-image-preview":"max-image-preview:large","max-video-preview":"max-video-preview:-1"},"canonical":"https:\/\/www.sinepe-pi.org.br\/site\/convencoes-coletivas\/","og_locale":"pt_BR","og_type":"article","og_title":"Conven\u00e7\u00f5es Coletivas - SINEPE-PI - Sindicato dos Estabelecimentos de Ensino do Piau\u00ed","og_description":"Conven\u00e7\u00e3o Coletiva de Trabalho &#8211; 2011 Conven\u00e7\u00e3o Coletiva de Trabalho &#8211; 2012 Conven\u00e7\u00e3o Coletiva de Trabalho &#8211; 2013 Conven\u00e7\u00e3o Coletiva de Trabalho &#8211; 2014 Conven\u00e7\u00e3o Coletiva de Trabalho &#8211; 2015 Conven\u00e7\u00e3o Coletiva de Trabalho- 2016 Conven\u00e7\u00e3o Coletiva de Trabalho- 2017 Conven\u00e7\u00e3o Coletiva de Trabalho 2018 Conven\u00e7\u00e3o Coletiva de Trabalho -2019 Conven\u00e7\u00e3o Coletiva de Trabalho 2020\/2021 [&hellip;]","og_url":"https:\/\/www.sinepe-pi.org.br\/site\/convencoes-coletivas\/","og_site_name":"SINEPE-PI - Sindicato dos Estabelecimentos de Ensino do Piau\u00ed","article_publisher":"https:\/\/web.facebook.com\/sinepepiaui","article_modified_time":"2025-10-09T16:01:09+00:00","twitter_card":"summary_large_image","twitter_misc":{"Est. tempo de leitura":"1 minuto"},"schema":{"@context":"https:\/\/schema.org","@graph":[{"@type":"WebPage","@id":"https:\/\/www.sinepe-pi.org.br\/site\/convencoes-coletivas\/","url":"https:\/\/www.sinepe-pi.org.br\/site\/convencoes-coletivas\/","name":"Conven\u00e7\u00f5es Coletivas - SINEPE-PI - Sindicato dos Estabelecimentos de Ensino do Piau\u00ed","isPartOf":{"@id":"https:\/\/www.sinepe-pi.org.br\/site\/#website"},"datePublished":"2011-12-19T11:28:53+00:00","dateModified":"2025-10-09T16:01:09+00:00","breadcrumb":{"@id":"https:\/\/www.sinepe-pi.org.br\/site\/convencoes-coletivas\/#breadcrumb"},"inLanguage":"pt-BR","potentialAction":[{"@type":"ReadAction","target":["https:\/\/www.sinepe-pi.org.br\/site\/convencoes-coletivas\/"]}]},{"@type":"BreadcrumbList","@id":"https:\/\/www.sinepe-pi.org.br\/site\/convencoes-coletivas\/#breadcrumb","itemListElement":[{"@type":"ListItem","position":1,"name":"P\u00e1gina Inicial","item":"https:\/\/www.sinepe-pi.org.br\/site\/"},{"@type":"ListItem","position":2,"name":"Conven\u00e7\u00f5es Coletivas"}]},{"@type":"WebSite","@id":"https:\/\/www.sinepe-pi.org.br\/site\/#website","url":"https:\/\/www.sinepe-pi.org.br\/site\/","name":"SINEPE-PI - Sindicato dos Estabelecimentos de Ensino do Piau\u00ed","description":"Constitu\u00eddo como entidade sindical em 1985, o Sindicato dos Estabelecimentos de Ensino do Estado do Piau\u00ed \u2013 SINEPE\/PI, tem sua sede e foro na cidade de Teresina e base territorial no Estado do Piau\u00ed, com o objetivo de organizar, representar e fortalecer as escolas e faculdades particulares do Piau\u00ed. H\u00e1 31 anos, o Sindicato \u00e9 portanto, leg\u00edtimo representante das institui\u00e7\u00f5es de ensino da rede privada nesta unidade federada.","publisher":{"@id":"https:\/\/www.sinepe-pi.org.br\/site\/#organization"},"potentialAction":[{"@type":"SearchAction","target":{"@type":"EntryPoint","urlTemplate":"https:\/\/www.sinepe-pi.org.br\/site\/?s={search_term_string}"},"query-input":{"@type":"PropertyValueSpecification","valueRequired":true,"valueName":"search_term_string"}}],"inLanguage":"pt-BR"},{"@type":"Organization","@id":"https:\/\/www.sinepe-pi.org.br\/site\/#organization","name":"Sindicato das Institui\u00e7\u00f5es de Ensino do Estado do Piau\u00ed","url":"https:\/\/www.sinepe-pi.org.br\/site\/","logo":{"@type":"ImageObject","inLanguage":"pt-BR","@id":"https:\/\/www.sinepe-pi.org.br\/site\/#\/schema\/logo\/image\/","url":"https:\/\/www.sinepe-pi.org.br\/site\/wp-content\/uploads\/2022\/03\/cropped-sinepe-frente.fw_-1-1.png","contentUrl":"https:\/\/www.sinepe-pi.org.br\/site\/wp-content\/uploads\/2022\/03\/cropped-sinepe-frente.fw_-1-1.png","width":512,"height":512,"caption":"Sindicato das Institui\u00e7\u00f5es de Ensino do Estado do Piau\u00ed"},"image":{"@id":"https:\/\/www.sinepe-pi.org.br\/site\/#\/schema\/logo\/image\/"},"sameAs":["https:\/\/web.facebook.com\/sinepepiaui","https:\/\/www.instagram.com\/sinepepiaui\/"]}]}},"_links":{"self":[{"href":"https:\/\/www.sinepe-pi.org.br\/site\/wp-json\/wp\/v2\/pages\/815","targetHints":{"allow":["GET"]}}],"collection":[{"href":"https:\/\/www.sinepe-pi.org.br\/site\/wp-json\/wp\/v2\/pages"}],"about":[{"href":"https:\/\/www.sinepe-pi.org.br\/site\/wp-json\/wp\/v2\/types\/page"}],"author":[{"embeddable":true,"href":"https:\/\/www.sinepe-pi.org.br\/site\/wp-json\/wp\/v2\/users\/1"}],"replies":[{"embeddable":true,"href":"https:\/\/www.sinepe-pi.org.br\/site\/wp-json\/wp\/v2\/comments?post=815"}],"version-history":[{"count":21,"href":"https:\/\/www.sinepe-pi.org.br\/site\/wp-json\/wp\/v2\/pages\/815\/revisions"}],"predecessor-version":[{"id":108033,"href":"https:\/\/www.sinepe-pi.org.br\/site\/wp-json\/wp\/v2\/pages\/815\/revisions\/108033"}],"wp:attachment":[{"href":"https:\/\/www.sinepe-pi.org.br\/site\/wp-json\/wp\/v2\/media?parent=815"}],"curies":[{"name":"wp","href":"https:\/\/api.w.org\/{rel}","templated":true}]}}