{"id":1764,"date":"2015-09-17T10:14:12","date_gmt":"2015-09-17T13:14:12","guid":{"rendered":"http:\/\/www.sinepe-pi.org.br\/?page_id=1764"},"modified":"2022-03-31T12:13:41","modified_gmt":"2022-03-31T15:13:41","slug":"fala-presidente","status":"publish","type":"page","link":"https:\/\/www.sinepe-pi.org.br\/site\/fala-presidente\/","title":{"rendered":"Fala Presidente"},"content":{"rendered":"\n<h4 class=\"wp-block-heading\"><\/h4>\n\n\n\n<div class=\"wp-block-image\"><figure class=\"alignleft size-full is-resized\"><a href=\"https:\/\/www.sinepe-pi.org.br\/site\/wp-content\/uploads\/2022\/03\/949843943.jpg\"><img fetchpriority=\"high\" decoding=\"async\" src=\"https:\/\/www.sinepe-pi.org.br\/site\/wp-content\/uploads\/2022\/03\/949843943.jpg\" alt=\"\" class=\"wp-image-105589\" width=\"466\" height=\"349\" srcset=\"https:\/\/www.sinepe-pi.org.br\/site\/wp-content\/uploads\/2022\/03\/949843943.jpg 800w, https:\/\/www.sinepe-pi.org.br\/site\/wp-content\/uploads\/2022\/03\/949843943-300x225.jpg 300w, https:\/\/www.sinepe-pi.org.br\/site\/wp-content\/uploads\/2022\/03\/949843943-768x575.jpg 768w\" sizes=\"(max-width: 466px) 100vw, 466px\" \/><\/a><figcaption>Dr. Leonardo Airton &#8211; Presidente do SINEPE-PI<\/figcaption><\/figure><\/div>\n\n\n\n<p class=\"has-black-color has-text-color\">Desde 1985, o Sindicato dos Estabelecimentos de Ensino do Estado do Piau\u00ed (SINEPE-PI) representa e fortalece as institui\u00e7\u00f5es da Educa\u00e7\u00e3o B\u00e1sica, da Educa\u00e7\u00e3o T\u00e9cnico-Profissional e da Educa\u00e7\u00e3o Superior da rede particular piauiense. O SINEPE-PI vem de gest\u00f5es que trouxeram equil\u00edbrio e, mais que isso, a consolida\u00e7\u00e3o da entidade, que goza de muita credibilidade junto \u00e0 sociedade piauiense.<\/p>\n\n\n\n<p class=\"has-black-color has-text-color\">Nessas mais de tr\u00eas d\u00e9cadas, o Sindicato foi bem representado por todos os seus presidentes e por todos os seus filiados. Como atual presidente do SINEPE-PI, afirmo que esta nova gest\u00e3o (2021-2025) continua fincada nos princ\u00edpios de credibilidade. Buscamos sempre levar \u00e0 frente quest\u00f5es que envolvem a defesa das institui\u00e7\u00f5es de ensino do Piau\u00ed, ao tempo que cumprimos todas as normas legais \u00e0s quais estamos submetidos.<\/p>\n\n\n\n<p class=\"has-black-color has-text-color\">Somado a isso, destaco que esta gest\u00e3o segue se esfor\u00e7ando para aumentar a visibilidade da import\u00e2ncia das institui\u00e7\u00f5es de ensino junto \u00e0 sociedade. Dentre as a\u00e7\u00f5es realizadas com esse intuito, est\u00e3o atividades voltadas para o desenvolvimento da educa\u00e7\u00e3o na \u00e1rea privada do ensino piauiense, bem como a\u00e7\u00f5es que visem melhorar as condi\u00e7\u00f5es das institui\u00e7\u00f5es de ensino do Piau\u00ed.<\/p>\n","protected":false},"excerpt":{"rendered":"<p>Desde 1985, o Sindicato dos Estabelecimentos de Ensino do Estado do Piau\u00ed (SINEPE-PI) representa e fortalece as institui\u00e7\u00f5es da Educa\u00e7\u00e3o B\u00e1sica, da Educa\u00e7\u00e3o T\u00e9cnico-Profissional e da Educa\u00e7\u00e3o Superior da rede particular piauiense. O SINEPE-PI vem de gest\u00f5es que trouxeram equil\u00edbrio e, mais que isso, a consolida\u00e7\u00e3o da entidade, que goza de muita credibilidade junto \u00e0 [&hellip;]<\/p>\n","protected":false},"author":1,"featured_media":0,"parent":0,"menu_order":0,"comment_status":"closed","ping_status":"closed","template":"","meta":{"_acf_changed":false,"footnotes":""},"class_list":["post-1764","page","type-page","status-publish","hentry"],"acf":[],"yoast_head":"<!-- This site is optimized with the Yoast SEO plugin v27.5 - https:\/\/yoast.com\/product\/yoast-seo-wordpress\/ -->\n<title>Fala Presidente - SINEPE-PI - Sindicato dos Estabelecimentos de Ensino do Piau\u00ed<\/title>\n<meta name=\"robots\" content=\"index, follow, max-snippet:-1, max-image-preview:large, max-video-preview:-1\" \/>\n<link rel=\"canonical\" href=\"https:\/\/www.sinepe-pi.org.br\/site\/fala-presidente\/\" \/>\n<meta property=\"og:locale\" content=\"pt_BR\" \/>\n<meta property=\"og:type\" content=\"article\" \/>\n<meta property=\"og:title\" content=\"Fala Presidente - SINEPE-PI - Sindicato dos Estabelecimentos de Ensino do Piau\u00ed\" \/>\n<meta property=\"og:description\" content=\"Desde 1985, o Sindicato dos Estabelecimentos de Ensino do Estado do Piau\u00ed (SINEPE-PI) representa e fortalece as institui\u00e7\u00f5es da Educa\u00e7\u00e3o B\u00e1sica, da Educa\u00e7\u00e3o T\u00e9cnico-Profissional e da Educa\u00e7\u00e3o Superior da rede particular piauiense. O SINEPE-PI vem de gest\u00f5es que trouxeram equil\u00edbrio e, mais que isso, a consolida\u00e7\u00e3o da entidade, que goza de muita credibilidade junto \u00e0 [&hellip;]\" \/>\n<meta property=\"og:url\" content=\"https:\/\/www.sinepe-pi.org.br\/site\/fala-presidente\/\" \/>\n<meta property=\"og:site_name\" content=\"SINEPE-PI - Sindicato dos Estabelecimentos de Ensino do Piau\u00ed\" \/>\n<meta property=\"article:publisher\" content=\"https:\/\/web.facebook.com\/sinepepiaui\" \/>\n<meta property=\"article:modified_time\" content=\"2022-03-31T15:13:41+00:00\" \/>\n<meta property=\"og:image\" content=\"https:\/\/www.sinepe-pi.org.br\/site\/wp-content\/uploads\/2022\/03\/949843943.jpg\" \/>\n<meta name=\"twitter:card\" content=\"summary_large_image\" \/>\n<meta name=\"twitter:label1\" content=\"Est. tempo de leitura\" \/>\n\t<meta name=\"twitter:data1\" content=\"2 minutos\" \/>\n<script type=\"application\/ld+json\" class=\"yoast-schema-graph\">{\"@context\":\"https:\\\/\\\/schema.org\",\"@graph\":[{\"@type\":\"WebPage\",\"@id\":\"https:\\\/\\\/www.sinepe-pi.org.br\\\/site\\\/fala-presidente\\\/\",\"url\":\"https:\\\/\\\/www.sinepe-pi.org.br\\\/site\\\/fala-presidente\\\/\",\"name\":\"Fala Presidente - SINEPE-PI - Sindicato dos Estabelecimentos de Ensino do Piau\u00ed\",\"isPartOf\":{\"@id\":\"https:\\\/\\\/www.sinepe-pi.org.br\\\/site\\\/#website\"},\"primaryImageOfPage\":{\"@id\":\"https:\\\/\\\/www.sinepe-pi.org.br\\\/site\\\/fala-presidente\\\/#primaryimage\"},\"image\":{\"@id\":\"https:\\\/\\\/www.sinepe-pi.org.br\\\/site\\\/fala-presidente\\\/#primaryimage\"},\"thumbnailUrl\":\"https:\\\/\\\/www.sinepe-pi.org.br\\\/site\\\/wp-content\\\/uploads\\\/2022\\\/03\\\/949843943.jpg\",\"datePublished\":\"2015-09-17T13:14:12+00:00\",\"dateModified\":\"2022-03-31T15:13:41+00:00\",\"breadcrumb\":{\"@id\":\"https:\\\/\\\/www.sinepe-pi.org.br\\\/site\\\/fala-presidente\\\/#breadcrumb\"},\"inLanguage\":\"pt-BR\",\"potentialAction\":[{\"@type\":\"ReadAction\",\"target\":[\"https:\\\/\\\/www.sinepe-pi.org.br\\\/site\\\/fala-presidente\\\/\"]}]},{\"@type\":\"ImageObject\",\"inLanguage\":\"pt-BR\",\"@id\":\"https:\\\/\\\/www.sinepe-pi.org.br\\\/site\\\/fala-presidente\\\/#primaryimage\",\"url\":\"https:\\\/\\\/www.sinepe-pi.org.br\\\/site\\\/wp-content\\\/uploads\\\/2022\\\/03\\\/949843943.jpg\",\"contentUrl\":\"https:\\\/\\\/www.sinepe-pi.org.br\\\/site\\\/wp-content\\\/uploads\\\/2022\\\/03\\\/949843943.jpg\",\"width\":800,\"height\":599},{\"@type\":\"BreadcrumbList\",\"@id\":\"https:\\\/\\\/www.sinepe-pi.org.br\\\/site\\\/fala-presidente\\\/#breadcrumb\",\"itemListElement\":[{\"@type\":\"ListItem\",\"position\":1,\"name\":\"P\u00e1gina Inicial\",\"item\":\"https:\\\/\\\/www.sinepe-pi.org.br\\\/site\\\/\"},{\"@type\":\"ListItem\",\"position\":2,\"name\":\"Fala Presidente\"}]},{\"@type\":\"WebSite\",\"@id\":\"https:\\\/\\\/www.sinepe-pi.org.br\\\/site\\\/#website\",\"url\":\"https:\\\/\\\/www.sinepe-pi.org.br\\\/site\\\/\",\"name\":\"SINEPE-PI - Sindicato dos Estabelecimentos de Ensino do Piau\u00ed\",\"description\":\"Constitu\u00eddo como entidade sindical em 1985, o Sindicato dos Estabelecimentos de Ensino do Estado do Piau\u00ed \u2013 SINEPE\\\/PI, tem sua sede e foro na cidade de Teresina e base territorial no Estado do Piau\u00ed, com o objetivo de organizar, representar e fortalecer as escolas e faculdades particulares do Piau\u00ed. H\u00e1 31 anos, o Sindicato \u00e9 portanto, leg\u00edtimo representante das institui\u00e7\u00f5es de ensino da rede privada nesta unidade federada.\",\"publisher\":{\"@id\":\"https:\\\/\\\/www.sinepe-pi.org.br\\\/site\\\/#organization\"},\"potentialAction\":[{\"@type\":\"SearchAction\",\"target\":{\"@type\":\"EntryPoint\",\"urlTemplate\":\"https:\\\/\\\/www.sinepe-pi.org.br\\\/site\\\/?s={search_term_string}\"},\"query-input\":{\"@type\":\"PropertyValueSpecification\",\"valueRequired\":true,\"valueName\":\"search_term_string\"}}],\"inLanguage\":\"pt-BR\"},{\"@type\":\"Organization\",\"@id\":\"https:\\\/\\\/www.sinepe-pi.org.br\\\/site\\\/#organization\",\"name\":\"Sindicato das Institui\u00e7\u00f5es de Ensino do Estado do Piau\u00ed\",\"url\":\"https:\\\/\\\/www.sinepe-pi.org.br\\\/site\\\/\",\"logo\":{\"@type\":\"ImageObject\",\"inLanguage\":\"pt-BR\",\"@id\":\"https:\\\/\\\/www.sinepe-pi.org.br\\\/site\\\/#\\\/schema\\\/logo\\\/image\\\/\",\"url\":\"https:\\\/\\\/www.sinepe-pi.org.br\\\/site\\\/wp-content\\\/uploads\\\/2022\\\/03\\\/cropped-sinepe-frente.fw_-1-1.png\",\"contentUrl\":\"https:\\\/\\\/www.sinepe-pi.org.br\\\/site\\\/wp-content\\\/uploads\\\/2022\\\/03\\\/cropped-sinepe-frente.fw_-1-1.png\",\"width\":512,\"height\":512,\"caption\":\"Sindicato das Institui\u00e7\u00f5es de Ensino do Estado do Piau\u00ed\"},\"image\":{\"@id\":\"https:\\\/\\\/www.sinepe-pi.org.br\\\/site\\\/#\\\/schema\\\/logo\\\/image\\\/\"},\"sameAs\":[\"https:\\\/\\\/web.facebook.com\\\/sinepepiaui\",\"https:\\\/\\\/www.instagram.com\\\/sinepepiaui\\\/\"]}]}<\/script>\n<!-- \/ Yoast SEO plugin. -->","yoast_head_json":{"title":"Fala Presidente - SINEPE-PI - Sindicato dos Estabelecimentos de Ensino do Piau\u00ed","robots":{"index":"index","follow":"follow","max-snippet":"max-snippet:-1","max-image-preview":"max-image-preview:large","max-video-preview":"max-video-preview:-1"},"canonical":"https:\/\/www.sinepe-pi.org.br\/site\/fala-presidente\/","og_locale":"pt_BR","og_type":"article","og_title":"Fala Presidente - SINEPE-PI - Sindicato dos Estabelecimentos de Ensino do Piau\u00ed","og_description":"Desde 1985, o Sindicato dos Estabelecimentos de Ensino do Estado do Piau\u00ed (SINEPE-PI) representa e fortalece as institui\u00e7\u00f5es da Educa\u00e7\u00e3o B\u00e1sica, da Educa\u00e7\u00e3o T\u00e9cnico-Profissional e da Educa\u00e7\u00e3o Superior da rede particular piauiense. O SINEPE-PI vem de gest\u00f5es que trouxeram equil\u00edbrio e, mais que isso, a consolida\u00e7\u00e3o da entidade, que goza de muita credibilidade junto \u00e0 [&hellip;]","og_url":"https:\/\/www.sinepe-pi.org.br\/site\/fala-presidente\/","og_site_name":"SINEPE-PI - Sindicato dos Estabelecimentos de Ensino do Piau\u00ed","article_publisher":"https:\/\/web.facebook.com\/sinepepiaui","article_modified_time":"2022-03-31T15:13:41+00:00","og_image":[{"url":"https:\/\/www.sinepe-pi.org.br\/site\/wp-content\/uploads\/2022\/03\/949843943.jpg","type":"","width":"","height":""}],"twitter_card":"summary_large_image","twitter_misc":{"Est. tempo de leitura":"2 minutos"},"schema":{"@context":"https:\/\/schema.org","@graph":[{"@type":"WebPage","@id":"https:\/\/www.sinepe-pi.org.br\/site\/fala-presidente\/","url":"https:\/\/www.sinepe-pi.org.br\/site\/fala-presidente\/","name":"Fala Presidente - SINEPE-PI - Sindicato dos Estabelecimentos de Ensino do Piau\u00ed","isPartOf":{"@id":"https:\/\/www.sinepe-pi.org.br\/site\/#website"},"primaryImageOfPage":{"@id":"https:\/\/www.sinepe-pi.org.br\/site\/fala-presidente\/#primaryimage"},"image":{"@id":"https:\/\/www.sinepe-pi.org.br\/site\/fala-presidente\/#primaryimage"},"thumbnailUrl":"https:\/\/www.sinepe-pi.org.br\/site\/wp-content\/uploads\/2022\/03\/949843943.jpg","datePublished":"2015-09-17T13:14:12+00:00","dateModified":"2022-03-31T15:13:41+00:00","breadcrumb":{"@id":"https:\/\/www.sinepe-pi.org.br\/site\/fala-presidente\/#breadcrumb"},"inLanguage":"pt-BR","potentialAction":[{"@type":"ReadAction","target":["https:\/\/www.sinepe-pi.org.br\/site\/fala-presidente\/"]}]},{"@type":"ImageObject","inLanguage":"pt-BR","@id":"https:\/\/www.sinepe-pi.org.br\/site\/fala-presidente\/#primaryimage","url":"https:\/\/www.sinepe-pi.org.br\/site\/wp-content\/uploads\/2022\/03\/949843943.jpg","contentUrl":"https:\/\/www.sinepe-pi.org.br\/site\/wp-content\/uploads\/2022\/03\/949843943.jpg","width":800,"height":599},{"@type":"BreadcrumbList","@id":"https:\/\/www.sinepe-pi.org.br\/site\/fala-presidente\/#breadcrumb","itemListElement":[{"@type":"ListItem","position":1,"name":"P\u00e1gina Inicial","item":"https:\/\/www.sinepe-pi.org.br\/site\/"},{"@type":"ListItem","position":2,"name":"Fala Presidente"}]},{"@type":"WebSite","@id":"https:\/\/www.sinepe-pi.org.br\/site\/#website","url":"https:\/\/www.sinepe-pi.org.br\/site\/","name":"SINEPE-PI - Sindicato dos Estabelecimentos de Ensino do Piau\u00ed","description":"Constitu\u00eddo como entidade sindical em 1985, o Sindicato dos Estabelecimentos de Ensino do Estado do Piau\u00ed \u2013 SINEPE\/PI, tem sua sede e foro na cidade de Teresina e base territorial no Estado do Piau\u00ed, com o objetivo de organizar, representar e fortalecer as escolas e faculdades particulares do Piau\u00ed. H\u00e1 31 anos, o Sindicato \u00e9 portanto, leg\u00edtimo representante das institui\u00e7\u00f5es de ensino da rede privada nesta unidade federada.","publisher":{"@id":"https:\/\/www.sinepe-pi.org.br\/site\/#organization"},"potentialAction":[{"@type":"SearchAction","target":{"@type":"EntryPoint","urlTemplate":"https:\/\/www.sinepe-pi.org.br\/site\/?s={search_term_string}"},"query-input":{"@type":"PropertyValueSpecification","valueRequired":true,"valueName":"search_term_string"}}],"inLanguage":"pt-BR"},{"@type":"Organization","@id":"https:\/\/www.sinepe-pi.org.br\/site\/#organization","name":"Sindicato das Institui\u00e7\u00f5es de Ensino do Estado do Piau\u00ed","url":"https:\/\/www.sinepe-pi.org.br\/site\/","logo":{"@type":"ImageObject","inLanguage":"pt-BR","@id":"https:\/\/www.sinepe-pi.org.br\/site\/#\/schema\/logo\/image\/","url":"https:\/\/www.sinepe-pi.org.br\/site\/wp-content\/uploads\/2022\/03\/cropped-sinepe-frente.fw_-1-1.png","contentUrl":"https:\/\/www.sinepe-pi.org.br\/site\/wp-content\/uploads\/2022\/03\/cropped-sinepe-frente.fw_-1-1.png","width":512,"height":512,"caption":"Sindicato das Institui\u00e7\u00f5es de Ensino do Estado do Piau\u00ed"},"image":{"@id":"https:\/\/www.sinepe-pi.org.br\/site\/#\/schema\/logo\/image\/"},"sameAs":["https:\/\/web.facebook.com\/sinepepiaui","https:\/\/www.instagram.com\/sinepepiaui\/"]}]}},"_links":{"self":[{"href":"https:\/\/www.sinepe-pi.org.br\/site\/wp-json\/wp\/v2\/pages\/1764","targetHints":{"allow":["GET"]}}],"collection":[{"href":"https:\/\/www.sinepe-pi.org.br\/site\/wp-json\/wp\/v2\/pages"}],"about":[{"href":"https:\/\/www.sinepe-pi.org.br\/site\/wp-json\/wp\/v2\/types\/page"}],"author":[{"embeddable":true,"href":"https:\/\/www.sinepe-pi.org.br\/site\/wp-json\/wp\/v2\/users\/1"}],"replies":[{"embeddable":true,"href":"https:\/\/www.sinepe-pi.org.br\/site\/wp-json\/wp\/v2\/comments?post=1764"}],"version-history":[{"count":0,"href":"https:\/\/www.sinepe-pi.org.br\/site\/wp-json\/wp\/v2\/pages\/1764\/revisions"}],"wp:attachment":[{"href":"https:\/\/www.sinepe-pi.org.br\/site\/wp-json\/wp\/v2\/media?parent=1764"}],"curies":[{"name":"wp","href":"https:\/\/api.w.org\/{rel}","templated":true}]}}